{"id":608,"date":"2014-02-07T11:03:51","date_gmt":"2014-02-07T17:03:51","guid":{"rendered":"https:\/\/teker.mx\/?page_id=608"},"modified":"2025-01-06T12:40:51","modified_gmt":"2025-01-06T18:40:51","slug":"about-us","status":"publish","type":"page","link":"https:\/\/teker.mx\/en\/about-us\/","title":{"rendered":"About Us"},"content":{"rendered":"<p><strong>Somos un colectivo de expertos en las diferentes disciplinas que conforman el ecosistema CX. Nos unimos en Teker con el objetivo de elevar el nivel de las experiencias que est\u00e1n ofreciendo las marcas en la regi\u00f3n.<br \/>\n<\/strong><\/p>\n<p>Nos especializamos en implementaci\u00f3n de ecosistemas tecnol\u00f3gicos que optimizan el valor que ofrecen las marcas para alcanzar sus objetivos de negocio con eficiencia.<\/p>\n","protected":false},"excerpt":{"rendered":"<p>Somos un colectivo de expertos en las diferentes disciplinas que conforman el ecosistema CX. Nos unimos en Teker con el objetivo de elevar el nivel de las experiencias que est\u00e1n ofreciendo las marcas en la regi\u00f3n. Nos especializamos en implementaci\u00f3n de ecosistemas tecnol\u00f3gicos que optimizan el valor que ofrecen las marcas para alcanzar sus objetivos [&hellip;]<\/p>\n","protected":false},"author":1,"featured_media":0,"parent":0,"menu_order":0,"comment_status":"open","ping_status":"open","template":"","meta":{"inline_featured_image":false,"footnotes":""},"class_list":["post-608","page","type-page","status-publish","hentry"],"_links":{"self":[{"href":"https:\/\/teker.mx\/en\/wp-json\/wp\/v2\/pages\/608","targetHints":{"allow":["GET"]}}],"collection":[{"href":"https:\/\/teker.mx\/en\/wp-json\/wp\/v2\/pages"}],"about":[{"href":"https:\/\/teker.mx\/en\/wp-json\/wp\/v2\/types\/page"}],"author":[{"embeddable":true,"href":"https:\/\/teker.mx\/en\/wp-json\/wp\/v2\/users\/1"}],"replies":[{"embeddable":true,"href":"https:\/\/teker.mx\/en\/wp-json\/wp\/v2\/comments?post=608"}],"version-history":[{"count":3,"href":"https:\/\/teker.mx\/en\/wp-json\/wp\/v2\/pages\/608\/revisions"}],"predecessor-version":[{"id":763,"href":"https:\/\/teker.mx\/en\/wp-json\/wp\/v2\/pages\/608\/revisions\/763"}],"wp:attachment":[{"href":"https:\/\/teker.mx\/en\/wp-json\/wp\/v2\/media?parent=608"}],"curies":[{"name":"wp","href":"https:\/\/api.w.org\/{rel}","templated":true}]}}